{"id":59,"date":"2025-04-09T12:00:02","date_gmt":"2025-04-09T12:00:02","guid":{"rendered":"https:\/\/core-ed-project.eu\/?page_id=59"},"modified":"2025-04-14T22:14:56","modified_gmt":"2025-04-14T22:14:56","slug":"home","status":"publish","type":"page","link":"https:\/\/core-ed-project.eu\/ro\/","title":{"rendered":"Acas\u0103"},"content":{"rendered":"<div data-vc-full-width=\"true\" data-vc-full-width-init=\"false\" data-vc-stretch-content=\"true\" class=\"vc_row wpb_row vc_row-fluid fr-section-main-1 vc_column-gap-10 vc_row-o-equal-height vc_row-o-content-middle vc_row-flex\"><div class=\"fr-section-1 wpb_column vc_column_container vc_col-sm-10\"><div class=\"vc_column-inner\"><div class=\"wpb_wrapper\"><div class=\"vc_row wpb_row vc_inner vc_row-fluid vc_row-o-content-middle vc_row-flex\"><div class=\"wpb_column vc_column_container vc_col-sm-4\/5\"><div class=\"vc_column-inner\"><div class=\"wpb_wrapper\">\r\n\t<div class=\"wpb_text_column wpb_content_element\" >\r\n\t\t<div class=\"wpb_wrapper\">\r\n\t\t\t<h1 style=\"color: #3a5a84;\"><span class=\"OYPEnA font-feature-liga-off font-feature-clig-off font-feature-calt-off text-decoration-none text-strikethrough-none\">Despre proiect<\/span><\/h1>\n\r\n\t\t<\/div>\r\n\t<\/div>\r\n<\/div><\/div><\/div><div class=\"wpb_column vc_column_container vc_col-sm-1\/5\"><div class=\"vc_column-inner\"><div class=\"wpb_wrapper\">\r\n\t<div class=\"wpb_text_column wpb_content_element  custom-btn-1\" >\r\n\t\t<div class=\"wpb_wrapper\">\r\n\t\t\t<p style=\"text-align: left;\"><a href=\"\/ro\/about-the-project\/\">Afl\u0103 mai multe<\/a><\/p>\n\r\n\t\t<\/div>\r\n\t<\/div>\r\n<\/div><\/div><\/div><\/div>\r\n\t<div class=\"wpb_text_column wpb_content_element\" >\r\n\t\t<div class=\"wpb_wrapper\">\r\n\t\t\t<p>Proiectul CORE-ED-ACADEMY \u2013 \u201eStrategii educa\u021bionale transformative: Promovarea incluziunii \u0219i a valorilor comune \u00een justi\u021bia juvenil\u0103 prin pedagogie corec\u021bional\u0103 dinamic\u0103 \u0219i profesionalizarea speciali\u0219tilor\u201d, implementat cu suportul \u201eLiberateSkills\u201d Correctional Excellence Pact for Skills este un proiect cu durata de trei ani cofinan\u021bat de Uniunea European\u0103 \u00een cadrul Programului Erasmus+, KA2: Cooperare \u00eentre organiza\u021bii \u0219i institu\u021bii: Consolidarea capacit\u0103\u021bilor \u00een \u00eenv\u0103\u021b\u0103m\u00e2ntul superior (ERASMUS-EDU-2024-CBHE-STRAND-II).<\/p>\n\r\n\t\t<\/div>\r\n\t<\/div>\r\n<\/div><\/div><\/div><div class=\"fr-section-div-img wpb_column vc_column_container vc_col-sm-2 vc_hidden-md vc_hidden-sm vc_hidden-xs vc_col-has-fill\"><div class=\"vc_column-inner vc_custom_1744298751149\"><div class=\"wpb_wrapper\"><\/div><\/div><\/div><\/div><div class=\"vc_row-full-width vc_clearfix\"><\/div><div class=\"vc_row wpb_row vc_row-fluid fr-section-main-2 vc_column-gap-10 vc_row-o-content-middle vc_row-flex\"><div class=\"wpb_column vc_column_container vc_col-sm-12\"><div class=\"vc_column-inner\"><div class=\"wpb_wrapper\"><div class=\"vc_row wpb_row vc_inner vc_row-fluid vc_row-o-content-middle vc_row-flex\"><div class=\"wpb_column vc_column_container vc_col-sm-10\"><div class=\"vc_column-inner\"><div class=\"wpb_wrapper\">\r\n\t<div class=\"wpb_text_column wpb_content_element\" >\r\n\t\t<div class=\"wpb_wrapper\">\r\n\t\t\t<h1 style=\"color: #a48b77;\"><span class=\"OYPEnA font-feature-liga-off font-feature-clig-off font-feature-calt-off text-decoration-none text-strikethrough-none\">Ultimele nout\u0103\u021bi<\/span><\/h1>\n\r\n\t\t<\/div>\r\n\t<\/div>\r\n<\/div><\/div><\/div><div class=\"wpb_column vc_column_container vc_col-sm-2\"><div class=\"vc_column-inner\"><div class=\"wpb_wrapper\">\r\n\t<div class=\"wpb_text_column wpb_content_element  custom-btn-1\" >\r\n\t\t<div class=\"wpb_wrapper\">\r\n\t\t\t<p style=\"text-align: left;\"><a href=\"\/ro\/latest-news\/\">Toate nout\u0103\u021bile<\/a><\/p>\n\r\n\t\t<\/div>\r\n\t<\/div>\r\n<\/div><\/div><\/div><\/div>\r\n<div class=\"vc_grid-container-wrapper vc_clearfix vc_grid-animation-fadeIn\">\r\n\t<div class=\"vc_grid-container vc_clearfix wpb_content_element vc_basic_grid\" data-initial-loading-animation=\"fadeIn\" data-vc-grid-settings=\"{&quot;page_id&quot;:59,&quot;style&quot;:&quot;pagination&quot;,&quot;action&quot;:&quot;vc_get_vc_grid_data&quot;,&quot;shortcode_id&quot;:&quot;1744668676948-170b51af-cd3b-7&quot;,&quot;items_per_page&quot;:&quot;4&quot;,&quot;auto_play&quot;:false,&quot;gap&quot;:30,&quot;speed&quot;:-1000,&quot;loop&quot;:&quot;&quot;,&quot;animation_in&quot;:&quot;&quot;,&quot;animation_out&quot;:&quot;&quot;,&quot;arrows_design&quot;:&quot;none&quot;,&quot;arrows_color&quot;:&quot;blue&quot;,&quot;arrows_position&quot;:&quot;inside&quot;,&quot;paging_design&quot;:&quot;radio_dots&quot;,&quot;paging_color&quot;:&quot;grey&quot;,&quot;tag&quot;:&quot;vc_basic_grid&quot;}\" data-vc-request=\"https:\/\/core-ed-project.eu\/wp-admin\/admin-ajax.php\" data-vc-post-id=\"59\" data-vc-public-nonce=\"751f2d6114\">\r\n\t\t\r\n\t<\/div>\r\n<\/div><\/div><\/div><\/div><\/div><div data-vc-full-width=\"true\" data-vc-full-width-init=\"false\" class=\"vc_row wpb_row vc_row-fluid\"><div class=\"wpb_column vc_column_container vc_col-sm-12\"><div class=\"vc_column-inner\"><div class=\"wpb_wrapper\">\r\n\t<div class=\"wpb_text_column wpb_content_element\" >\r\n\t\t<div class=\"wpb_wrapper\">\r\n\t\t\t<h1 style=\"color: #3a5a84;\"><span class=\"OYPEnA font-feature-liga-off font-feature-clig-off font-feature-calt-off text-decoration-none text-strikethrough-none\">Parteneri<\/span><\/h1>\n\r\n\t\t<\/div>\r\n\t<\/div>\r\n<\/div><\/div><\/div><\/div><div class=\"vc_row-full-width vc_clearfix\"><\/div><div data-vc-full-width=\"true\" data-vc-full-width-init=\"false\" data-vc-stretch-content=\"true\" class=\"vc_row wpb_row vc_row-fluid partners-container\"><div class=\"wpb_column vc_column_container vc_col-sm-12\"><div class=\"vc_column-inner\"><div class=\"wpb_wrapper\"><div class=\"vc_row wpb_row vc_inner vc_row-fluid vc_row-o-equal-height vc_row-o-content-middle vc_row-flex\"><div class=\"wpb_column vc_column_container vc_col-sm-2\"><div class=\"vc_column-inner\"><div class=\"wpb_wrapper\">\r\n\t<div  class=\"wpb_single_image wpb_content_element vc_align_center   partner-img\">\r\n\t\t\r\n\t\t<figure class=\"wpb_wrapper vc_figure\">\r\n\t\t\t<a href=\"https:\/\/luarasi-univ.edu.al\/\" target=\"_self\" class=\"vc_single_image-wrapper   vc_box_border_grey\"><img loading=\"lazy\" decoding=\"async\" width=\"800\" height=\"747\" src=\"https:\/\/core-ed-project.eu\/wp-content\/uploads\/2025\/04\/Luarasi-Logo_page-0001-1.jpg\" class=\"vc_single_image-img attachment-full\" alt=\"\" title=\"Luarasi Logo_page-0001 (1)\" srcset=\"https:\/\/core-ed-project.eu\/wp-content\/uploads\/2025\/04\/Luarasi-Logo_page-0001-1.jpg 800w, https:\/\/core-ed-project.eu\/wp-content\/uploads\/2025\/04\/Luarasi-Logo_page-0001-1-300x280.jpg 300w, https:\/\/core-ed-project.eu\/wp-content\/uploads\/2025\/04\/Luarasi-Logo_page-0001-1-768x717.jpg 768w, https:\/\/core-ed-project.eu\/wp-content\/uploads\/2025\/04\/Luarasi-Logo_page-0001-1-13x12.jpg 13w\" sizes=\"auto, (max-width: 800px) 100vw, 800px\" \/><\/a>\r\n\t\t<\/figure>\r\n\t<\/div>\r\n<\/div><\/div><\/div><div class=\"wpb_column vc_column_container vc_col-sm-2\"><div class=\"vc_column-inner\"><div class=\"wpb_wrapper\">\r\n\t<div  class=\"wpb_single_image wpb_content_element vc_align_center   partner-img-big-width\">\r\n\t\t\r\n\t\t<figure class=\"wpb_wrapper vc_figure\">\r\n\t\t\t<a href=\"https:\/\/www.umsh.edu.al\/eng\" target=\"_self\" class=\"vc_single_image-wrapper   vc_box_border_grey\"><img loading=\"lazy\" decoding=\"async\" width=\"348\" height=\"145\" src=\"https:\/\/core-ed-project.eu\/wp-content\/uploads\/2025\/04\/2.UMSH-logo.png\" class=\"vc_single_image-img attachment-full\" alt=\"\" title=\"2.UMSH logo\" srcset=\"https:\/\/core-ed-project.eu\/wp-content\/uploads\/2025\/04\/2.UMSH-logo.png 348w, https:\/\/core-ed-project.eu\/wp-content\/uploads\/2025\/04\/2.UMSH-logo-300x125.png 300w, https:\/\/core-ed-project.eu\/wp-content\/uploads\/2025\/04\/2.UMSH-logo-18x8.png 18w\" sizes=\"auto, (max-width: 348px) 100vw, 348px\" \/><\/a>\r\n\t\t<\/figure>\r\n\t<\/div>\r\n<\/div><\/div><\/div><div class=\"wpb_column vc_column_container vc_col-sm-2\"><div class=\"vc_column-inner\"><div class=\"wpb_wrapper\">\r\n\t<div  class=\"wpb_single_image wpb_content_element vc_align_center   partner-img\">\r\n\t\t\r\n\t\t<figure class=\"wpb_wrapper vc_figure\">\r\n\t\t\t<a href=\"https:\/\/shkbb.gov.al\/\" target=\"_self\" class=\"vc_single_image-wrapper   vc_box_border_grey\"><img loading=\"lazy\" decoding=\"async\" width=\"850\" height=\"872\" src=\"https:\/\/core-ed-project.eu\/wp-content\/uploads\/2025\/04\/3.-ICSPS-Albania-SHKBB.jpg\" class=\"vc_single_image-img attachment-full\" alt=\"\" title=\"3. ICSPS Albania SHKBB\" srcset=\"https:\/\/core-ed-project.eu\/wp-content\/uploads\/2025\/04\/3.-ICSPS-Albania-SHKBB.jpg 850w, https:\/\/core-ed-project.eu\/wp-content\/uploads\/2025\/04\/3.-ICSPS-Albania-SHKBB-292x300.jpg 292w, https:\/\/core-ed-project.eu\/wp-content\/uploads\/2025\/04\/3.-ICSPS-Albania-SHKBB-768x788.jpg 768w, https:\/\/core-ed-project.eu\/wp-content\/uploads\/2025\/04\/3.-ICSPS-Albania-SHKBB-12x12.jpg 12w\" sizes=\"auto, (max-width: 850px) 100vw, 850px\" \/><\/a>\r\n\t\t<\/figure>\r\n\t<\/div>\r\n<\/div><\/div><\/div><div class=\"wpb_column vc_column_container vc_col-sm-2\"><div class=\"vc_column-inner\"><div class=\"wpb_wrapper\">\r\n\t<div  class=\"wpb_single_image wpb_content_element vc_align_center   partner-img-big-width\">\r\n\t\t\r\n\t\t<figure class=\"wpb_wrapper vc_figure\">\r\n\t\t\t<a href=\"https:\/\/aab-edu.net\/en\/\" target=\"_self\" class=\"vc_single_image-wrapper   vc_box_border_grey\"><img loading=\"lazy\" decoding=\"async\" width=\"836\" height=\"169\" src=\"https:\/\/core-ed-project.eu\/wp-content\/uploads\/2025\/04\/4.AAB_Logo.png\" class=\"vc_single_image-img attachment-full\" alt=\"\" title=\"4.AAB_Logo\" srcset=\"https:\/\/core-ed-project.eu\/wp-content\/uploads\/2025\/04\/4.AAB_Logo.png 836w, https:\/\/core-ed-project.eu\/wp-content\/uploads\/2025\/04\/4.AAB_Logo-300x61.png 300w, https:\/\/core-ed-project.eu\/wp-content\/uploads\/2025\/04\/4.AAB_Logo-768x155.png 768w, https:\/\/core-ed-project.eu\/wp-content\/uploads\/2025\/04\/4.AAB_Logo-18x4.png 18w\" sizes=\"auto, (max-width: 836px) 100vw, 836px\" \/><\/a>\r\n\t\t<\/figure>\r\n\t<\/div>\r\n<\/div><\/div><\/div><div class=\"wpb_column vc_column_container vc_col-sm-2\"><div class=\"vc_column-inner\"><div class=\"wpb_wrapper\">\r\n\t<div  class=\"wpb_single_image wpb_content_element vc_align_center   bigger-partner-img\">\r\n\t\t\r\n\t\t<figure class=\"wpb_wrapper vc_figure\">\r\n\t\t\t<a href=\"https:\/\/www.ubt-uni.net\/en\/home\/\" target=\"_self\" class=\"vc_single_image-wrapper   vc_box_border_grey\"><img loading=\"lazy\" decoding=\"async\" width=\"1512\" height=\"1521\" src=\"https:\/\/core-ed-project.eu\/wp-content\/uploads\/2025\/04\/5.-UBT-Logo.png\" class=\"vc_single_image-img attachment-full\" alt=\"\" title=\"5. UBT Logo\" srcset=\"https:\/\/core-ed-project.eu\/wp-content\/uploads\/2025\/04\/5.-UBT-Logo.png 1512w, https:\/\/core-ed-project.eu\/wp-content\/uploads\/2025\/04\/5.-UBT-Logo-298x300.png 298w, https:\/\/core-ed-project.eu\/wp-content\/uploads\/2025\/04\/5.-UBT-Logo-1018x1024.png 1018w, https:\/\/core-ed-project.eu\/wp-content\/uploads\/2025\/04\/5.-UBT-Logo-150x150.png 150w, https:\/\/core-ed-project.eu\/wp-content\/uploads\/2025\/04\/5.-UBT-Logo-768x773.png 768w, https:\/\/core-ed-project.eu\/wp-content\/uploads\/2025\/04\/5.-UBT-Logo-12x12.png 12w\" sizes=\"auto, (max-width: 1512px) 100vw, 1512px\" \/><\/a>\r\n\t\t<\/figure>\r\n\t<\/div>\r\n<\/div><\/div><\/div><div class=\"wpb_column vc_column_container vc_col-sm-2\"><div class=\"vc_column-inner\"><div class=\"wpb_wrapper\">\r\n\t<div  class=\"wpb_single_image wpb_content_element vc_align_center   bigger-partner-img\">\r\n\t\t\r\n\t\t<figure class=\"wpb_wrapper vc_figure\">\r\n\t\t\t<a href=\"https:\/\/en.ceps.edu.ba\/\" target=\"_self\" class=\"vc_single_image-wrapper   vc_box_border_grey\"><img loading=\"lazy\" decoding=\"async\" width=\"635\" height=\"550\" src=\"https:\/\/core-ed-project.eu\/wp-content\/uploads\/2025\/04\/6.ceps-logo-original1.png\" class=\"vc_single_image-img attachment-full\" alt=\"\" title=\"6.ceps logo (original)1\" srcset=\"https:\/\/core-ed-project.eu\/wp-content\/uploads\/2025\/04\/6.ceps-logo-original1.png 635w, https:\/\/core-ed-project.eu\/wp-content\/uploads\/2025\/04\/6.ceps-logo-original1-300x260.png 300w, https:\/\/core-ed-project.eu\/wp-content\/uploads\/2025\/04\/6.ceps-logo-original1-14x12.png 14w\" sizes=\"auto, (max-width: 635px) 100vw, 635px\" \/><\/a>\r\n\t\t<\/figure>\r\n\t<\/div>\r\n<\/div><\/div><\/div><\/div><div class=\"vc_row wpb_row vc_inner vc_row-fluid vc_row-o-equal-height vc_row-o-content-middle vc_row-flex\"><div class=\"wpb_column vc_column_container vc_col-sm-2\"><div class=\"vc_column-inner\"><div class=\"wpb_wrapper\">\r\n\t<div  class=\"wpb_single_image wpb_content_element vc_align_center   partner-img\">\r\n\t\t\r\n\t\t<figure class=\"wpb_wrapper vc_figure\">\r\n\t\t\t<a href=\"https:\/\/www.ius.edu.ba\/en\" target=\"_self\" class=\"vc_single_image-wrapper   vc_box_border_grey\"><img loading=\"lazy\" decoding=\"async\" width=\"1439\" height=\"1159\" src=\"https:\/\/core-ed-project.eu\/wp-content\/uploads\/2025\/04\/7.IUS-logo.jpg\" class=\"vc_single_image-img attachment-full\" alt=\"\" title=\"7.IUS logo\" srcset=\"https:\/\/core-ed-project.eu\/wp-content\/uploads\/2025\/04\/7.IUS-logo.jpg 1439w, https:\/\/core-ed-project.eu\/wp-content\/uploads\/2025\/04\/7.IUS-logo-300x242.jpg 300w, https:\/\/core-ed-project.eu\/wp-content\/uploads\/2025\/04\/7.IUS-logo-1024x825.jpg 1024w, https:\/\/core-ed-project.eu\/wp-content\/uploads\/2025\/04\/7.IUS-logo-768x619.jpg 768w, https:\/\/core-ed-project.eu\/wp-content\/uploads\/2025\/04\/7.IUS-logo-15x12.jpg 15w\" sizes=\"auto, (max-width: 1439px) 100vw, 1439px\" \/><\/a>\r\n\t\t<\/figure>\r\n\t<\/div>\r\n<\/div><\/div><\/div><div class=\"wpb_column vc_column_container vc_col-sm-2\"><div class=\"vc_column-inner\"><div class=\"wpb_wrapper\">\r\n\t<div  class=\"wpb_single_image wpb_content_element vc_align_center   partner-img\">\r\n\t\t\r\n\t\t<figure class=\"wpb_wrapper vc_figure\">\r\n\t\t\t<a href=\"https:\/\/www.ucg.ac.me\/#lat\" target=\"_self\" class=\"vc_single_image-wrapper   vc_box_border_grey\"><img loading=\"lazy\" decoding=\"async\" width=\"2048\" height=\"2048\" src=\"https:\/\/core-ed-project.eu\/wp-content\/uploads\/2025\/04\/8.University_of_Montenegro_logo.png\" class=\"vc_single_image-img attachment-full\" alt=\"\" title=\"8.University_of_Montenegro_logo\" srcset=\"https:\/\/core-ed-project.eu\/wp-content\/uploads\/2025\/04\/8.University_of_Montenegro_logo.png 2048w, https:\/\/core-ed-project.eu\/wp-content\/uploads\/2025\/04\/8.University_of_Montenegro_logo-300x300.png 300w, https:\/\/core-ed-project.eu\/wp-content\/uploads\/2025\/04\/8.University_of_Montenegro_logo-1024x1024.png 1024w, https:\/\/core-ed-project.eu\/wp-content\/uploads\/2025\/04\/8.University_of_Montenegro_logo-150x150.png 150w, https:\/\/core-ed-project.eu\/wp-content\/uploads\/2025\/04\/8.University_of_Montenegro_logo-768x768.png 768w, https:\/\/core-ed-project.eu\/wp-content\/uploads\/2025\/04\/8.University_of_Montenegro_logo-1536x1536.png 1536w, https:\/\/core-ed-project.eu\/wp-content\/uploads\/2025\/04\/8.University_of_Montenegro_logo-12x12.png 12w\" sizes=\"auto, (max-width: 2048px) 100vw, 2048px\" \/><\/a>\r\n\t\t<\/figure>\r\n\t<\/div>\r\n<\/div><\/div><\/div><div class=\"wpb_column vc_column_container vc_col-sm-2\"><div class=\"vc_column-inner\"><div class=\"wpb_wrapper\">\r\n\t<div  class=\"wpb_single_image wpb_content_element vc_align_center   partner-img-big-width\">\r\n\t\t\r\n\t\t<figure class=\"wpb_wrapper vc_figure\">\r\n\t\t\t<a href=\"https:\/\/www.aegean.gr\/\" target=\"_self\" class=\"vc_single_image-wrapper   vc_box_border_grey\"><img loading=\"lazy\" decoding=\"async\" width=\"298\" height=\"90\" src=\"https:\/\/core-ed-project.eu\/wp-content\/uploads\/2025\/04\/logo_sfiga-bold_uof_aegean_en.png\" class=\"vc_single_image-img attachment-full\" alt=\"\" title=\"logo_sfiga-bold_uof_aegean_en\" srcset=\"https:\/\/core-ed-project.eu\/wp-content\/uploads\/2025\/04\/logo_sfiga-bold_uof_aegean_en.png 298w, https:\/\/core-ed-project.eu\/wp-content\/uploads\/2025\/04\/logo_sfiga-bold_uof_aegean_en-18x5.png 18w\" sizes=\"auto, (max-width: 298px) 100vw, 298px\" \/><\/a>\r\n\t\t<\/figure>\r\n\t<\/div>\r\n<\/div><\/div><\/div><div class=\"wpb_column vc_column_container vc_col-sm-2\"><div class=\"vc_column-inner\"><div class=\"wpb_wrapper\">\r\n\t<div  class=\"wpb_single_image wpb_content_element vc_align_center   partner-img-big-width\">\r\n\t\t\r\n\t\t<figure class=\"wpb_wrapper vc_figure\">\r\n\t\t\t<a href=\"https:\/\/read-lab.eu\/\" target=\"_self\" class=\"vc_single_image-wrapper   vc_box_border_grey\"><img loading=\"lazy\" decoding=\"async\" width=\"13992\" height=\"3521\" src=\"https:\/\/core-ed-project.eu\/wp-content\/uploads\/2025\/04\/10.readlab.png\" class=\"vc_single_image-img attachment-full\" alt=\"\" title=\"10.readlab\" srcset=\"https:\/\/core-ed-project.eu\/wp-content\/uploads\/2025\/04\/10.readlab.png 13992w, https:\/\/core-ed-project.eu\/wp-content\/uploads\/2025\/04\/10.readlab-300x75.png 300w, https:\/\/core-ed-project.eu\/wp-content\/uploads\/2025\/04\/10.readlab-1024x258.png 1024w, https:\/\/core-ed-project.eu\/wp-content\/uploads\/2025\/04\/10.readlab-768x193.png 768w, https:\/\/core-ed-project.eu\/wp-content\/uploads\/2025\/04\/10.readlab-1536x387.png 1536w, https:\/\/core-ed-project.eu\/wp-content\/uploads\/2025\/04\/10.readlab-2048x515.png 2048w, https:\/\/core-ed-project.eu\/wp-content\/uploads\/2025\/04\/10.readlab-18x5.png 18w\" sizes=\"auto, (max-width: 13992px) 100vw, 13992px\" \/><\/a>\r\n\t\t<\/figure>\r\n\t<\/div>\r\n<\/div><\/div><\/div><div class=\"wpb_column vc_column_container vc_col-sm-2\"><div class=\"vc_column-inner\"><div class=\"wpb_wrapper\">\r\n\t<div  class=\"wpb_single_image wpb_content_element vc_align_center   partner-img-big-width\">\r\n\t\t\r\n\t\t<figure class=\"wpb_wrapper vc_figure\">\r\n\t\t\t<a href=\"https:\/\/admission.uvt.ro\/\" target=\"_self\" class=\"vc_single_image-wrapper   vc_box_border_grey\"><img loading=\"lazy\" decoding=\"async\" width=\"639\" height=\"163\" src=\"https:\/\/core-ed-project.eu\/wp-content\/uploads\/2025\/04\/11.en-lung.png\" class=\"vc_single_image-img attachment-full\" alt=\"\" title=\"11.en-lung\" srcset=\"https:\/\/core-ed-project.eu\/wp-content\/uploads\/2025\/04\/11.en-lung.png 639w, https:\/\/core-ed-project.eu\/wp-content\/uploads\/2025\/04\/11.en-lung-300x77.png 300w, https:\/\/core-ed-project.eu\/wp-content\/uploads\/2025\/04\/11.en-lung-18x5.png 18w\" sizes=\"auto, (max-width: 639px) 100vw, 639px\" \/><\/a>\r\n\t\t<\/figure>\r\n\t<\/div>\r\n<\/div><\/div><\/div><div class=\"wpb_column vc_column_container vc_col-sm-2\"><div class=\"vc_column-inner\"><div class=\"wpb_wrapper\">\r\n\t<div  class=\"wpb_single_image wpb_content_element vc_align_center   bigger-partner-img\">\r\n\t\t\r\n\t\t<figure class=\"wpb_wrapper vc_figure\">\r\n\t\t\t<a href=\"https:\/\/cpip.ro\/\" target=\"_self\" class=\"vc_single_image-wrapper   vc_box_border_grey\"><img loading=\"lazy\" decoding=\"async\" width=\"2042\" height=\"1575\" src=\"https:\/\/core-ed-project.eu\/wp-content\/uploads\/2025\/04\/12-1.png\" class=\"vc_single_image-img attachment-full\" alt=\"\" title=\"12.\" srcset=\"https:\/\/core-ed-project.eu\/wp-content\/uploads\/2025\/04\/12-1.png 2042w, https:\/\/core-ed-project.eu\/wp-content\/uploads\/2025\/04\/12-1-300x231.png 300w, https:\/\/core-ed-project.eu\/wp-content\/uploads\/2025\/04\/12-1-1024x790.png 1024w, https:\/\/core-ed-project.eu\/wp-content\/uploads\/2025\/04\/12-1-768x592.png 768w, https:\/\/core-ed-project.eu\/wp-content\/uploads\/2025\/04\/12-1-1536x1185.png 1536w, https:\/\/core-ed-project.eu\/wp-content\/uploads\/2025\/04\/12-1-16x12.png 16w\" sizes=\"auto, (max-width: 2042px) 100vw, 2042px\" \/><\/a>\r\n\t\t<\/figure>\r\n\t<\/div>\r\n<\/div><\/div><\/div><\/div><div class=\"vc_row wpb_row vc_inner vc_row-fluid vc_row-o-equal-height vc_row-o-content-middle vc_row-flex\"><div class=\"wpb_column vc_column_container vc_col-sm-2\"><div class=\"vc_column-inner\"><div class=\"wpb_wrapper\">\r\n\t<div  class=\"wpb_single_image wpb_content_element vc_align_center   bigger-partner-img\">\r\n\t\t\r\n\t\t<figure class=\"wpb_wrapper vc_figure\">\r\n\t\t\t<a href=\"https:\/\/qskn.al\/\" target=\"_self\" class=\"vc_single_image-wrapper   vc_box_border_grey\"><img loading=\"lazy\" decoding=\"async\" width=\"2560\" height=\"1298\" src=\"https:\/\/core-ed-project.eu\/wp-content\/uploads\/2025\/04\/13.CCIS-logo-e-re-angl-scaled.jpg\" class=\"vc_single_image-img attachment-full\" alt=\"\" title=\"13.CCIS logo e re angl\" srcset=\"https:\/\/core-ed-project.eu\/wp-content\/uploads\/2025\/04\/13.CCIS-logo-e-re-angl-scaled.jpg 2560w, https:\/\/core-ed-project.eu\/wp-content\/uploads\/2025\/04\/13.CCIS-logo-e-re-angl-300x152.jpg 300w, https:\/\/core-ed-project.eu\/wp-content\/uploads\/2025\/04\/13.CCIS-logo-e-re-angl-1024x519.jpg 1024w, https:\/\/core-ed-project.eu\/wp-content\/uploads\/2025\/04\/13.CCIS-logo-e-re-angl-768x390.jpg 768w, https:\/\/core-ed-project.eu\/wp-content\/uploads\/2025\/04\/13.CCIS-logo-e-re-angl-1536x779.jpg 1536w, https:\/\/core-ed-project.eu\/wp-content\/uploads\/2025\/04\/13.CCIS-logo-e-re-angl-2048x1039.jpg 2048w, https:\/\/core-ed-project.eu\/wp-content\/uploads\/2025\/04\/13.CCIS-logo-e-re-angl-18x9.jpg 18w\" sizes=\"auto, (max-width: 2560px) 100vw, 2560px\" \/><\/a>\r\n\t\t<\/figure>\r\n\t<\/div>\r\n<\/div><\/div><\/div><div class=\"wpb_column vc_column_container vc_col-sm-2\"><div class=\"vc_column-inner\"><div class=\"wpb_wrapper\"><\/div><\/div><\/div><div class=\"wpb_column vc_column_container vc_col-sm-2\"><div class=\"vc_column-inner\"><div class=\"wpb_wrapper\"><\/div><\/div><\/div><div class=\"wpb_column vc_column_container vc_col-sm-2\"><div class=\"vc_column-inner\"><div class=\"wpb_wrapper\"><\/div><\/div><\/div><div class=\"wpb_column vc_column_container vc_col-sm-2\"><div class=\"vc_column-inner\"><div class=\"wpb_wrapper\"><\/div><\/div><\/div><div class=\"wpb_column vc_column_container vc_col-sm-2\"><div class=\"vc_column-inner\"><div class=\"wpb_wrapper\"><\/div><\/div><\/div><\/div><\/div><\/div><\/div><\/div><div class=\"vc_row-full-width vc_clearfix\"><\/div>","protected":false},"excerpt":{"rendered":"About the Project Learn More The CORE-ED ACADEMY -\u201cTransformative Educational Strategies: Fostering Inclusion and Shared Values in Juvenile Justice through Dynamic Correctional Pedagogy and Specialist Professionalization, Empowered by the \u201cLiberateSkills\u201d Correctional Excellence Pact for Skills\u201d Project is a three-year project co-funded by the European Union under the Erasmus+ Programme, KA2: Cooperation Among Organizations and Institutions: [...]","protected":false},"author":1,"featured_media":0,"parent":0,"menu_order":0,"comment_status":"closed","ping_status":"closed","template":"","meta":{"_uag_custom_page_level_css":"","footnotes":""},"class_list":["post-59","page","type-page","status-publish","hentry"],"uagb_featured_image_src":{"full":false,"thumbnail":false,"medium":false,"medium_large":false,"large":false,"1536x1536":false,"2048x2048":false,"trp-custom-language-flag":false},"uagb_author_info":{"display_name":"admin","author_link":"https:\/\/core-ed-project.eu\/ro\/author\/wpcoreedadmin\/"},"uagb_comment_info":0,"uagb_excerpt":null,"_links":{"self":[{"href":"https:\/\/core-ed-project.eu\/ro\/wp-json\/wp\/v2\/pages\/59","targetHints":{"allow":["GET"]}}],"collection":[{"href":"https:\/\/core-ed-project.eu\/ro\/wp-json\/wp\/v2\/pages"}],"about":[{"href":"https:\/\/core-ed-project.eu\/ro\/wp-json\/wp\/v2\/types\/page"}],"author":[{"embeddable":true,"href":"https:\/\/core-ed-project.eu\/ro\/wp-json\/wp\/v2\/users\/1"}],"replies":[{"embeddable":true,"href":"https:\/\/core-ed-project.eu\/ro\/wp-json\/wp\/v2\/comments?post=59"}],"version-history":[{"count":36,"href":"https:\/\/core-ed-project.eu\/ro\/wp-json\/wp\/v2\/pages\/59\/revisions"}],"predecessor-version":[{"id":288,"href":"https:\/\/core-ed-project.eu\/ro\/wp-json\/wp\/v2\/pages\/59\/revisions\/288"}],"wp:attachment":[{"href":"https:\/\/core-ed-project.eu\/ro\/wp-json\/wp\/v2\/media?parent=59"}],"curies":[{"name":"wp","href":"https:\/\/api.w.org\/{rel}","templated":true}]}}